{"id":765,"date":"2025-02-04T00:44:12","date_gmt":"2025-02-04T00:44:12","guid":{"rendered":"https:\/\/guofuhee.com.br\/?page_id=765"},"modified":"2025-02-20T14:31:43","modified_gmt":"2025-02-20T14:31:43","slug":"sistema-de-abastecimento-de-hidrogenio-integrado-em-veiculo-vhss","status":"publish","type":"page","link":"https:\/\/guofuhee.com.br\/en\/sistema-de-abastecimento-de-hidrogenio-integrado-em-veiculo-vhss\/","title":{"rendered":"Sistema de Abastecimento de Hidrog\u00eanio Integrado em Ve\u00edculo (VHSS)"},"content":{"rendered":"\t\t<div data-elementor-type=\"wp-page\" data-elementor-id=\"765\" class=\"elementor elementor-765\" data-elementor-post-type=\"page\">\n\t\t\t\t<div class=\"elementor-element elementor-element-066cc74 e-flex e-con-boxed e-con e-parent\" data-id=\"066cc74\" data-element_type=\"container\" data-e-type=\"container\" data-settings=\"{&quot;background_background&quot;:&quot;classic&quot;}\">\n\t\t\t\t\t<div class=\"e-con-inner\">\n\t\t\t\t<div class=\"elementor-element elementor-element-d37a285 elementor-widget-tablet__width-initial elementor-widget elementor-widget-heading\" data-id=\"d37a285\" data-element_type=\"widget\" data-e-type=\"widget\" data-widget_type=\"heading.default\">\n\t\t\t\t<div class=\"elementor-widget-container\">\n\t\t\t\t\t<h2 class=\"elementor-heading-title elementor-size-default\">SISTEMA DE FORNECIMENTO DE HIDROG\u00caNIO MONTADO EM VE\u00cdCULO (VHSS)<\/h2>\t\t\t\t<\/div>\n\t\t\t\t<\/div>\n\t\t\t\t\t<\/div>\n\t\t\t\t<\/div>\n\t\t<div class=\"elementor-element elementor-element-6f07a4b e-con-full e-flex e-con e-parent\" data-id=\"6f07a4b\" data-element_type=\"container\" data-e-type=\"container\" data-settings=\"{&quot;background_background&quot;:&quot;classic&quot;}\">\n\t\t\t\t<div class=\"elementor-element elementor-element-874efc1 elementor-widget__width-initial elementor-widget elementor-widget-text-editor\" data-id=\"874efc1\" data-element_type=\"widget\" data-e-type=\"widget\" data-widget_type=\"text-editor.default\">\n\t\t\t\t<div class=\"elementor-widget-container\">\n\t\t\t\t\t\t\t\t\t<p>A Guofuhee fornece solu\u00e7\u00f5es personalizadas, recomendando modelos adequados conforme a demanda do cliente. O design \u00e9 otimizado para atender \u00e0 arquitetura da solu\u00e7\u00e3o, considerando espa\u00e7o de instala\u00e7\u00e3o, alcance e demais requisitos de compatibilidade com ve\u00edculos. Al\u00e9m disso, a empresa integra opera\u00e7\u00f5es inteligentes, incorporando Internet das Coisas (IoT) e Internet dos Ve\u00edculos (IoV), al\u00e9m de outros servi\u00e7os especializados.<\/p>\t\t\t\t\t\t\t\t<\/div>\n\t\t\t\t<\/div>\n\t\t\t\t<\/div>\n\t\t<div class=\"elementor-element elementor-element-9e9659d e-flex e-con-boxed e-con e-parent\" data-id=\"9e9659d\" data-element_type=\"container\" data-e-type=\"container\" data-settings=\"{&quot;background_background&quot;:&quot;classic&quot;}\">\n\t\t\t\t\t<div class=\"e-con-inner\">\n\t\t<div class=\"elementor-element elementor-element-819d73d e-con-full e-flex e-con e-child\" data-id=\"819d73d\" data-element_type=\"container\" data-e-type=\"container\" data-settings=\"{&quot;background_background&quot;:&quot;classic&quot;}\">\n\t\t\t\t<div class=\"elementor-element elementor-element-1ab3eb3 elementor-widget-tablet__width-initial elementor-widget elementor-widget-heading\" data-id=\"1ab3eb3\" data-element_type=\"widget\" data-e-type=\"widget\" data-widget_type=\"heading.default\">\n\t\t\t\t<div class=\"elementor-widget-container\">\n\t\t\t\t\t<h2 class=\"elementor-heading-title elementor-size-default\">SISTEMA DE SUPRIMENTO DE H2 PARA VE\u00cdCULOS TIPO III<\/h2>\t\t\t\t<\/div>\n\t\t\t\t<\/div>\n\t\t<div class=\"elementor-element elementor-element-64ee62f e-con-full e-flex e-con e-child\" data-id=\"64ee62f\" data-element_type=\"container\" data-e-type=\"container\">\n\t\t\t\t<div class=\"elementor-element elementor-element-2366c58 elementor-widget__width-initial elementor-hidden-desktop elementor-widget elementor-widget-image\" data-id=\"2366c58\" data-element_type=\"widget\" data-e-type=\"widget\" data-widget_type=\"image.default\">\n\t\t\t\t<div class=\"elementor-widget-container\">\n\t\t\t\t\t\t\t\t\t\t\t\t\t\t\t<img fetchpriority=\"high\" decoding=\"async\" width=\"930\" height=\"1720\" src=\"https:\/\/guofuhee.com.br\/wp-content\/uploads\/2025\/02\/Guofuhee_ImagensSite2-13-1.png\" class=\"attachment-full size-full wp-image-1593\" alt=\"\" srcset=\"https:\/\/guofuhee.com.br\/wp-content\/uploads\/2025\/02\/Guofuhee_ImagensSite2-13-1.png 930w, https:\/\/guofuhee.com.br\/wp-content\/uploads\/2025\/02\/Guofuhee_ImagensSite2-13-1-162x300.png 162w, https:\/\/guofuhee.com.br\/wp-content\/uploads\/2025\/02\/Guofuhee_ImagensSite2-13-1-554x1024.png 554w, https:\/\/guofuhee.com.br\/wp-content\/uploads\/2025\/02\/Guofuhee_ImagensSite2-13-1-768x1420.png 768w, https:\/\/guofuhee.com.br\/wp-content\/uploads\/2025\/02\/Guofuhee_ImagensSite2-13-1-831x1536.png 831w\" sizes=\"(max-width: 930px) 100vw, 930px\" \/>\t\t\t\t\t\t\t\t\t\t\t\t\t\t\t<\/div>\n\t\t\t\t<\/div>\n\t\t\t\t<div class=\"elementor-element elementor-element-6aac254 elementor-widget__width-initial elementor-hidden-tablet elementor-hidden-mobile elementor-widget elementor-widget-image\" data-id=\"6aac254\" data-element_type=\"widget\" data-e-type=\"widget\" data-widget_type=\"image.default\">\n\t\t\t\t<div class=\"elementor-widget-container\">\n\t\t\t\t\t\t\t\t\t\t\t\t\t\t\t<img decoding=\"async\" width=\"1805\" height=\"1061\" src=\"https:\/\/guofuhee.com.br\/wp-content\/uploads\/2025\/02\/Guofuhee_ImagensSite2-12.png\" class=\"attachment-full size-full wp-image-1592\" alt=\"\" srcset=\"https:\/\/guofuhee.com.br\/wp-content\/uploads\/2025\/02\/Guofuhee_ImagensSite2-12.png 1805w, https:\/\/guofuhee.com.br\/wp-content\/uploads\/2025\/02\/Guofuhee_ImagensSite2-12-300x176.png 300w, https:\/\/guofuhee.com.br\/wp-content\/uploads\/2025\/02\/Guofuhee_ImagensSite2-12-1024x602.png 1024w, https:\/\/guofuhee.com.br\/wp-content\/uploads\/2025\/02\/Guofuhee_ImagensSite2-12-768x451.png 768w, https:\/\/guofuhee.com.br\/wp-content\/uploads\/2025\/02\/Guofuhee_ImagensSite2-12-1536x903.png 1536w\" sizes=\"(max-width: 1805px) 100vw, 1805px\" \/>\t\t\t\t\t\t\t\t\t\t\t\t\t\t\t<\/div>\n\t\t\t\t<\/div>\n\t\t\t\t<\/div>\n\t\t\t\t<div class=\"elementor-element elementor-element-f0b572c elementor-align-center elementor-widget__width-initial elementor-widget elementor-widget-button\" data-id=\"f0b572c\" data-element_type=\"widget\" data-e-type=\"widget\" data-widget_type=\"button.default\">\n\t\t\t\t<div class=\"elementor-widget-container\">\n\t\t\t\t\t\t\t\t\t<div class=\"elementor-button-wrapper\">\n\t\t\t\t\t<a class=\"elementor-button elementor-button-link elementor-size-sm\" href=\"https:\/\/guofuhee.com.br\/contato\/\">\n\t\t\t\t\t\t<span class=\"elementor-button-content-wrapper\">\n\t\t\t\t\t\t\t\t\t<span class=\"elementor-button-text\">PE\u00c7A UMA COTA\u00c7\u00c3O<\/span>\n\t\t\t\t\t<\/span>\n\t\t\t\t\t<\/a>\n\t\t\t\t<\/div>\n\t\t\t\t\t\t\t\t<\/div>\n\t\t\t\t<\/div>\n\t\t\t\t<\/div>\n\t\t\t\t\t<\/div>\n\t\t\t\t<\/div>\n\t\t<div class=\"elementor-element elementor-element-c690a70 elementor-hidden-desktop elementor-hidden-tablet elementor-hidden-mobile e-flex e-con-boxed e-con e-parent\" data-id=\"c690a70\" data-element_type=\"container\" data-e-type=\"container\" data-settings=\"{&quot;background_background&quot;:&quot;classic&quot;}\">\n\t\t\t\t\t<div class=\"e-con-inner\">\n\t\t\t\t<div class=\"elementor-element elementor-element-854697e elementor-widget__width-auto elementor-widget elementor-widget-heading\" data-id=\"854697e\" data-element_type=\"widget\" data-e-type=\"widget\" data-widget_type=\"heading.default\">\n\t\t\t\t<div class=\"elementor-widget-container\">\n\t\t\t\t\t<h2 class=\"elementor-heading-title elementor-size-default\">refer\u00eancias<\/h2>\t\t\t\t<\/div>\n\t\t\t\t<\/div>\n\t\t\t\t<div class=\"elementor-element elementor-element-8807b59 elementor-pagination-type-bullets elementor-arrows-position-inside elementor-pagination-position-outside elementor-widget elementor-widget-n-carousel\" data-id=\"8807b59\" data-element_type=\"widget\" data-e-type=\"widget\" data-settings=\"{&quot;carousel_items&quot;:[{&quot;slide_title&quot;:&quot;Slide #1&quot;,&quot;_id&quot;:&quot;34315b3&quot;},{&quot;slide_title&quot;:&quot;Slide #2&quot;,&quot;_id&quot;:&quot;af939e0&quot;}],&quot;slides_to_show&quot;:&quot;1&quot;,&quot;slides_to_scroll&quot;:&quot;1&quot;,&quot;slides_to_show_tablet&quot;:&quot;1&quot;,&quot;slides_to_scroll_tablet&quot;:&quot;1&quot;,&quot;image_spacing_custom_tablet&quot;:{&quot;unit&quot;:&quot;px&quot;,&quot;size&quot;:10,&quot;sizes&quot;:[]},&quot;slides_to_scroll_mobile&quot;:&quot;1&quot;,&quot;slides_to_show_mobile&quot;:&quot;1&quot;,&quot;autoplay&quot;:&quot;yes&quot;,&quot;autoplay_speed&quot;:5000,&quot;pause_on_hover&quot;:&quot;yes&quot;,&quot;pause_on_interaction&quot;:&quot;yes&quot;,&quot;infinite&quot;:&quot;yes&quot;,&quot;speed&quot;:500,&quot;offset_sides&quot;:&quot;none&quot;,&quot;arrows&quot;:&quot;yes&quot;,&quot;pagination&quot;:&quot;bullets&quot;,&quot;image_spacing_custom&quot;:{&quot;unit&quot;:&quot;px&quot;,&quot;size&quot;:10,&quot;sizes&quot;:[]},&quot;image_spacing_custom_mobile&quot;:{&quot;unit&quot;:&quot;px&quot;,&quot;size&quot;:&quot;&quot;,&quot;sizes&quot;:[]}}\" data-widget_type=\"nested-carousel.default\">\n\t\t\t\t<div class=\"elementor-widget-container\">\n\t\t\t\t\t\t\t<div class=\"e-n-carousel swiper\" role=\"region\" aria-roledescription=\"carousel\" aria-label=\"Carrossel\" dir=\"ltr\">\n\t\t\t<div class=\"swiper-wrapper\" aria-live=\"off\">\n\t\t\t\t\t\t\t\t\t\t<div class=\"swiper-slide\" data-slide=\"1\" role=\"group\" aria-roledescription=\"slide\" aria-label=\"1 de 2\">\n\t\t\t\t\t\t\t<div class=\"elementor-element elementor-element-fa92fde e-flex e-con-boxed e-con e-child\" data-id=\"fa92fde\" data-element_type=\"container\" data-e-type=\"container\">\n\t\t\t\t\t<div class=\"e-con-inner\">\n\t\t\t\t<div class=\"elementor-element elementor-element-7bfad01 elementor-widget__width-initial elementor-widget elementor-widget-image\" data-id=\"7bfad01\" data-element_type=\"widget\" data-e-type=\"widget\" data-widget_type=\"image.default\">\n\t\t\t\t<div class=\"elementor-widget-container\">\n\t\t\t\t\t\t\t\t\t\t\t\t\t\t\t<img decoding=\"async\" width=\"1288\" height=\"716\" src=\"https:\/\/guofuhee.com.br\/wp-content\/uploads\/2025\/02\/ReferenciaVHSS.png\" class=\"attachment-full size-full wp-image-781\" alt=\"\" srcset=\"https:\/\/guofuhee.com.br\/wp-content\/uploads\/2025\/02\/ReferenciaVHSS.png 1288w, https:\/\/guofuhee.com.br\/wp-content\/uploads\/2025\/02\/ReferenciaVHSS-300x167.png 300w, https:\/\/guofuhee.com.br\/wp-content\/uploads\/2025\/02\/ReferenciaVHSS-1024x569.png 1024w, https:\/\/guofuhee.com.br\/wp-content\/uploads\/2025\/02\/ReferenciaVHSS-768x427.png 768w\" sizes=\"(max-width: 1288px) 100vw, 1288px\" \/>\t\t\t\t\t\t\t\t\t\t\t\t\t\t\t<\/div>\n\t\t\t\t<\/div>\n\t\t<div class=\"elementor-element elementor-element-db6cdab e-con-full e-flex e-con e-child\" data-id=\"db6cdab\" data-element_type=\"container\" data-e-type=\"container\" data-settings=\"{&quot;background_background&quot;:&quot;classic&quot;}\">\n\t\t\t\t<div class=\"elementor-element elementor-element-7cf721b elementor-widget__width-initial elementor-widget-mobile__width-auto elementor-widget elementor-widget-heading\" data-id=\"7cf721b\" data-element_type=\"widget\" data-e-type=\"widget\" data-widget_type=\"heading.default\">\n\t\t\t\t<div class=\"elementor-widget-container\">\n\t\t\t\t\t<h2 class=\"elementor-heading-title elementor-size-default\">LOREM IPSUM DOLOR\nSIT AMET ADIPISCING<\/h2>\t\t\t\t<\/div>\n\t\t\t\t<\/div>\n\t\t\t\t<div class=\"elementor-element elementor-element-576cf7e elementor-widget__width-initial elementor-widget elementor-widget-text-editor\" data-id=\"576cf7e\" data-element_type=\"widget\" data-e-type=\"widget\" data-widget_type=\"text-editor.default\">\n\t\t\t\t<div class=\"elementor-widget-container\">\n\t\t\t\t\t\t\t\t\t<p><b>Localiza\u00e7\u00e3o:<\/b> Zhejiang, China<br \/><b>Capacidade:<\/b> 50 Nm3 por hora<br \/><b>Press\u00e3o:<\/b> 16 bar<\/p><p>Lorem ipsum dolor sit amet, consectetuer adipiscing elit, sed diam<br \/>nonummy nibh euismod tincidunt<br \/>ut laoreet dolore magna aliquam<br \/>erat volutpat. Ut<\/p>\t\t\t\t\t\t\t\t<\/div>\n\t\t\t\t<\/div>\n\t\t\t\t<\/div>\n\t\t\t\t\t<\/div>\n\t\t\t\t<\/div>\n\t\t\t\t\t\t\t\t<\/div>\n\t\t\t\t\t\t\t\t\t\t\t<div class=\"swiper-slide\" data-slide=\"2\" role=\"group\" aria-roledescription=\"slide\" aria-label=\"2 de 2\">\n\t\t\t\t\t\t\t<div class=\"elementor-element elementor-element-99cfd96 e-flex e-con-boxed e-con e-child\" data-id=\"99cfd96\" data-element_type=\"container\" data-e-type=\"container\">\n\t\t\t\t\t<div class=\"e-con-inner\">\n\t\t\t\t<div class=\"elementor-element elementor-element-1ea88ba elementor-widget__width-initial elementor-widget elementor-widget-image\" data-id=\"1ea88ba\" data-element_type=\"widget\" data-e-type=\"widget\" data-widget_type=\"image.default\">\n\t\t\t\t<div class=\"elementor-widget-container\">\n\t\t\t\t\t\t\t\t\t\t\t\t\t\t\t<img decoding=\"async\" src=\"https:\/\/guofuhee.com.br\/wp-content\/plugins\/elementor\/assets\/images\/placeholder.png\" title=\"\" alt=\"\" loading=\"lazy\" \/>\t\t\t\t\t\t\t\t\t\t\t\t\t\t\t<\/div>\n\t\t\t\t<\/div>\n\t\t<div class=\"elementor-element elementor-element-0db698e e-con-full e-flex e-con e-child\" data-id=\"0db698e\" data-element_type=\"container\" data-e-type=\"container\" data-settings=\"{&quot;background_background&quot;:&quot;classic&quot;}\">\n\t\t\t\t<\/div>\n\t\t\t\t\t<\/div>\n\t\t\t\t<\/div>\n\t\t\t\t\t\t\t\t<\/div>\n\t\t\t\t\t\t\t\t<\/div>\n\t\t<\/div>\n\t\t\t\t\t<div class=\"elementor-swiper-button elementor-swiper-button-prev\" role=\"button\" tabindex=\"0\" aria-label=\"Anterior\">\n\t\t\t\t<svg aria-hidden=\"true\" class=\"e-font-icon-svg e-eicon-chevron-left\" viewBox=\"0 0 1000 1000\" xmlns=\"http:\/\/www.w3.org\/2000\/svg\"><path d=\"M646 125C629 125 613 133 604 142L308 442C296 454 292 471 292 487 292 504 296 521 308 533L604 854C617 867 629 875 646 875 663 875 679 871 692 858 704 846 713 829 713 812 713 796 708 779 692 767L438 487 692 225C700 217 708 204 708 187 708 171 704 154 692 142 675 129 663 125 646 125Z\"><\/path><\/svg>\t\t\t<\/div>\n\t\t\t<div class=\"elementor-swiper-button elementor-swiper-button-next\" role=\"button\" tabindex=\"0\" aria-label=\"Pr\u00f3ximo\">\n\t\t\t\t<svg aria-hidden=\"true\" class=\"e-font-icon-svg e-eicon-chevron-right\" viewBox=\"0 0 1000 1000\" xmlns=\"http:\/\/www.w3.org\/2000\/svg\"><path d=\"M696 533C708 521 713 504 713 487 713 471 708 454 696 446L400 146C388 133 375 125 354 125 338 125 325 129 313 142 300 154 292 171 292 187 292 204 296 221 308 233L563 492 304 771C292 783 288 800 288 817 288 833 296 850 308 863 321 871 338 875 354 875 371 875 388 867 400 854L696 533Z\"><\/path><\/svg>\t\t\t<\/div>\n\t\t\t\t\t<div class=\"swiper-pagination\"><\/div>\n\t\t\t\t\t\t<\/div>\n\t\t\t\t<\/div>\n\t\t\t\t\t<\/div>\n\t\t\t\t<\/div>\n\t\t\t\t<\/div>\n\t\t","protected":false},"excerpt":{"rendered":"<p>SISTEMA DE FORNECIMENTO DE HIDROG\u00caNIO MONTADO EM VE\u00cdCULO (VHSS) A Guofuhee fornece solu\u00e7\u00f5es personalizadas, recomendando modelos adequados conforme a demanda do cliente. O design \u00e9 otimizado para atender \u00e0 arquitetura da solu\u00e7\u00e3o, considerando espa\u00e7o de instala\u00e7\u00e3o, alcance e demais requisitos de compatibilidade com ve\u00edculos. Al\u00e9m disso, a empresa integra opera\u00e7\u00f5es inteligentes, incorporando Internet das Coisas [&hellip;]<\/p>\n","protected":false},"author":1,"featured_media":1540,"parent":0,"menu_order":0,"comment_status":"closed","ping_status":"closed","template":"elementor_header_footer","meta":{"footnotes":""},"class_list":["post-765","page","type-page","status-publish","has-post-thumbnail","hentry"],"yoast_head":"<!-- This site is optimized with the Yoast SEO plugin v27.4 - https:\/\/yoast.com\/product\/yoast-seo-wordpress\/ -->\n<title>Sistema de Armazenagem Veicular (VHSS) - Guofuhee<\/title>\n<meta name=\"description\" content=\"Conhe\u00e7a o sistema VHSS da Guofuhee, uma solu\u00e7\u00e3o integrada para abastecimento eficiente de hidrog\u00eanio em ve\u00edculos, com tecnologia avan\u00e7ada.\" \/>\n<meta name=\"robots\" content=\"index, follow, max-snippet:-1, max-image-preview:large, max-video-preview:-1\" \/>\n<link rel=\"canonical\" href=\"https:\/\/guofuhee.com.br\/en\/sistema-de-abastecimento-de-hidrogenio-integrado-em-veiculo-vhss\/\" \/>\n<meta property=\"og:locale\" content=\"en_US\" \/>\n<meta property=\"og:type\" content=\"article\" \/>\n<meta property=\"og:title\" content=\"Sistema de Armazenagem Veicular (VHSS) - Guofuhee\" \/>\n<meta property=\"og:description\" content=\"Conhe\u00e7a o sistema VHSS da Guofuhee, uma solu\u00e7\u00e3o integrada para abastecimento eficiente de hidrog\u00eanio em ve\u00edculos, com tecnologia avan\u00e7ada.\" \/>\n<meta property=\"og:url\" content=\"https:\/\/guofuhee.com.br\/en\/sistema-de-abastecimento-de-hidrogenio-integrado-em-veiculo-vhss\/\" \/>\n<meta property=\"og:site_name\" content=\"Guofuhee\" \/>\n<meta property=\"article:modified_time\" content=\"2025-02-20T14:31:43+00:00\" \/>\n<meta property=\"og:image\" content=\"https:\/\/guofuhee.com.br\/wp-content\/uploads\/2025\/02\/Guofuhee_ImagensSite-23-1024x854.png\" \/>\n\t<meta property=\"og:image:width\" content=\"1024\" \/>\n\t<meta property=\"og:image:height\" content=\"854\" \/>\n\t<meta property=\"og:image:type\" content=\"image\/png\" \/>\n<meta name=\"twitter:card\" content=\"summary_large_image\" \/>\n<meta name=\"twitter:label1\" content=\"Est. reading time\" \/>\n\t<meta name=\"twitter:data1\" content=\"3 minutes\" \/>\n<script type=\"application\/ld+json\" class=\"yoast-schema-graph\">{\"@context\":\"https:\\\/\\\/schema.org\",\"@graph\":[{\"@type\":\"WebPage\",\"@id\":\"https:\\\/\\\/guofuhee.com.br\\\/sistema-de-abastecimento-de-hidrogenio-integrado-em-veiculo-vhss\\\/\",\"url\":\"https:\\\/\\\/guofuhee.com.br\\\/sistema-de-abastecimento-de-hidrogenio-integrado-em-veiculo-vhss\\\/\",\"name\":\"Sistema de Armazenagem Veicular (VHSS) - Guofuhee\",\"isPartOf\":{\"@id\":\"https:\\\/\\\/guofuhee.com.br\\\/#website\"},\"primaryImageOfPage\":{\"@id\":\"https:\\\/\\\/guofuhee.com.br\\\/sistema-de-abastecimento-de-hidrogenio-integrado-em-veiculo-vhss\\\/#primaryimage\"},\"image\":{\"@id\":\"https:\\\/\\\/guofuhee.com.br\\\/sistema-de-abastecimento-de-hidrogenio-integrado-em-veiculo-vhss\\\/#primaryimage\"},\"thumbnailUrl\":\"https:\\\/\\\/guofuhee.com.br\\\/wp-content\\\/uploads\\\/2025\\\/02\\\/Guofuhee_ImagensSite-23.png\",\"datePublished\":\"2025-02-04T00:44:12+00:00\",\"dateModified\":\"2025-02-20T14:31:43+00:00\",\"description\":\"Conhe\u00e7a o sistema VHSS da Guofuhee, uma solu\u00e7\u00e3o integrada para abastecimento eficiente de hidrog\u00eanio em ve\u00edculos, com tecnologia avan\u00e7ada.\",\"breadcrumb\":{\"@id\":\"https:\\\/\\\/guofuhee.com.br\\\/sistema-de-abastecimento-de-hidrogenio-integrado-em-veiculo-vhss\\\/#breadcrumb\"},\"inLanguage\":\"en-US\",\"potentialAction\":[{\"@type\":\"ReadAction\",\"target\":[\"https:\\\/\\\/guofuhee.com.br\\\/sistema-de-abastecimento-de-hidrogenio-integrado-em-veiculo-vhss\\\/\"]}]},{\"@type\":\"ImageObject\",\"inLanguage\":\"en-US\",\"@id\":\"https:\\\/\\\/guofuhee.com.br\\\/sistema-de-abastecimento-de-hidrogenio-integrado-em-veiculo-vhss\\\/#primaryimage\",\"url\":\"https:\\\/\\\/guofuhee.com.br\\\/wp-content\\\/uploads\\\/2025\\\/02\\\/Guofuhee_ImagensSite-23.png\",\"contentUrl\":\"https:\\\/\\\/guofuhee.com.br\\\/wp-content\\\/uploads\\\/2025\\\/02\\\/Guofuhee_ImagensSite-23.png\",\"width\":3197,\"height\":2667},{\"@type\":\"BreadcrumbList\",\"@id\":\"https:\\\/\\\/guofuhee.com.br\\\/sistema-de-abastecimento-de-hidrogenio-integrado-em-veiculo-vhss\\\/#breadcrumb\",\"itemListElement\":[{\"@type\":\"ListItem\",\"position\":1,\"name\":\"In\u00edcio\",\"item\":\"https:\\\/\\\/guofuhee.com.br\\\/\"},{\"@type\":\"ListItem\",\"position\":2,\"name\":\"Sistema de Abastecimento de Hidrog\u00eanio Integrado em Ve\u00edculo (VHSS)\"}]},{\"@type\":\"WebSite\",\"@id\":\"https:\\\/\\\/guofuhee.com.br\\\/#website\",\"url\":\"https:\\\/\\\/guofuhee.com.br\\\/\",\"name\":\"Guofuhee\",\"description\":\"Geradores de Hidrog\u00eanio\",\"publisher\":{\"@id\":\"https:\\\/\\\/guofuhee.com.br\\\/#organization\"},\"potentialAction\":[{\"@type\":\"SearchAction\",\"target\":{\"@type\":\"EntryPoint\",\"urlTemplate\":\"https:\\\/\\\/guofuhee.com.br\\\/?s={search_term_string}\"},\"query-input\":{\"@type\":\"PropertyValueSpecification\",\"valueRequired\":true,\"valueName\":\"search_term_string\"}}],\"inLanguage\":\"en-US\"},{\"@type\":\"Organization\",\"@id\":\"https:\\\/\\\/guofuhee.com.br\\\/#organization\",\"name\":\"Guofuhee\",\"url\":\"https:\\\/\\\/guofuhee.com.br\\\/\",\"logo\":{\"@type\":\"ImageObject\",\"inLanguage\":\"en-US\",\"@id\":\"https:\\\/\\\/guofuhee.com.br\\\/#\\\/schema\\\/logo\\\/image\\\/\",\"url\":\"https:\\\/\\\/guofuhee.com.br\\\/wp-content\\\/uploads\\\/2025\\\/02\\\/Logo_Prancheta-1.png\",\"contentUrl\":\"https:\\\/\\\/guofuhee.com.br\\\/wp-content\\\/uploads\\\/2025\\\/02\\\/Logo_Prancheta-1.png\",\"width\":2501,\"height\":1408,\"caption\":\"Guofuhee\"},\"image\":{\"@id\":\"https:\\\/\\\/guofuhee.com.br\\\/#\\\/schema\\\/logo\\\/image\\\/\"}}]}<\/script>\n<!-- \/ Yoast SEO plugin. -->","yoast_head_json":{"title":"Sistema de Armazenagem Veicular (VHSS) - Guofuhee","description":"Conhe\u00e7a o sistema VHSS da Guofuhee, uma solu\u00e7\u00e3o integrada para abastecimento eficiente de hidrog\u00eanio em ve\u00edculos, com tecnologia avan\u00e7ada.","robots":{"index":"index","follow":"follow","max-snippet":"max-snippet:-1","max-image-preview":"max-image-preview:large","max-video-preview":"max-video-preview:-1"},"canonical":"https:\/\/guofuhee.com.br\/en\/sistema-de-abastecimento-de-hidrogenio-integrado-em-veiculo-vhss\/","og_locale":"en_US","og_type":"article","og_title":"Sistema de Armazenagem Veicular (VHSS) - Guofuhee","og_description":"Conhe\u00e7a o sistema VHSS da Guofuhee, uma solu\u00e7\u00e3o integrada para abastecimento eficiente de hidrog\u00eanio em ve\u00edculos, com tecnologia avan\u00e7ada.","og_url":"https:\/\/guofuhee.com.br\/en\/sistema-de-abastecimento-de-hidrogenio-integrado-em-veiculo-vhss\/","og_site_name":"Guofuhee","article_modified_time":"2025-02-20T14:31:43+00:00","og_image":[{"width":1024,"height":854,"url":"https:\/\/guofuhee.com.br\/wp-content\/uploads\/2025\/02\/Guofuhee_ImagensSite-23-1024x854.png","type":"image\/png"}],"twitter_card":"summary_large_image","twitter_misc":{"Est. reading time":"3 minutes"},"schema":{"@context":"https:\/\/schema.org","@graph":[{"@type":"WebPage","@id":"https:\/\/guofuhee.com.br\/sistema-de-abastecimento-de-hidrogenio-integrado-em-veiculo-vhss\/","url":"https:\/\/guofuhee.com.br\/sistema-de-abastecimento-de-hidrogenio-integrado-em-veiculo-vhss\/","name":"Sistema de Armazenagem Veicular (VHSS) - Guofuhee","isPartOf":{"@id":"https:\/\/guofuhee.com.br\/#website"},"primaryImageOfPage":{"@id":"https:\/\/guofuhee.com.br\/sistema-de-abastecimento-de-hidrogenio-integrado-em-veiculo-vhss\/#primaryimage"},"image":{"@id":"https:\/\/guofuhee.com.br\/sistema-de-abastecimento-de-hidrogenio-integrado-em-veiculo-vhss\/#primaryimage"},"thumbnailUrl":"https:\/\/guofuhee.com.br\/wp-content\/uploads\/2025\/02\/Guofuhee_ImagensSite-23.png","datePublished":"2025-02-04T00:44:12+00:00","dateModified":"2025-02-20T14:31:43+00:00","description":"Conhe\u00e7a o sistema VHSS da Guofuhee, uma solu\u00e7\u00e3o integrada para abastecimento eficiente de hidrog\u00eanio em ve\u00edculos, com tecnologia avan\u00e7ada.","breadcrumb":{"@id":"https:\/\/guofuhee.com.br\/sistema-de-abastecimento-de-hidrogenio-integrado-em-veiculo-vhss\/#breadcrumb"},"inLanguage":"en-US","potentialAction":[{"@type":"ReadAction","target":["https:\/\/guofuhee.com.br\/sistema-de-abastecimento-de-hidrogenio-integrado-em-veiculo-vhss\/"]}]},{"@type":"ImageObject","inLanguage":"en-US","@id":"https:\/\/guofuhee.com.br\/sistema-de-abastecimento-de-hidrogenio-integrado-em-veiculo-vhss\/#primaryimage","url":"https:\/\/guofuhee.com.br\/wp-content\/uploads\/2025\/02\/Guofuhee_ImagensSite-23.png","contentUrl":"https:\/\/guofuhee.com.br\/wp-content\/uploads\/2025\/02\/Guofuhee_ImagensSite-23.png","width":3197,"height":2667},{"@type":"BreadcrumbList","@id":"https:\/\/guofuhee.com.br\/sistema-de-abastecimento-de-hidrogenio-integrado-em-veiculo-vhss\/#breadcrumb","itemListElement":[{"@type":"ListItem","position":1,"name":"In\u00edcio","item":"https:\/\/guofuhee.com.br\/"},{"@type":"ListItem","position":2,"name":"Sistema de Abastecimento de Hidrog\u00eanio Integrado em Ve\u00edculo (VHSS)"}]},{"@type":"WebSite","@id":"https:\/\/guofuhee.com.br\/#website","url":"https:\/\/guofuhee.com.br\/","name":"Guofuhee","description":"Geradores de Hidrog\u00eanio","publisher":{"@id":"https:\/\/guofuhee.com.br\/#organization"},"potentialAction":[{"@type":"SearchAction","target":{"@type":"EntryPoint","urlTemplate":"https:\/\/guofuhee.com.br\/?s={search_term_string}"},"query-input":{"@type":"PropertyValueSpecification","valueRequired":true,"valueName":"search_term_string"}}],"inLanguage":"en-US"},{"@type":"Organization","@id":"https:\/\/guofuhee.com.br\/#organization","name":"Guofuhee","url":"https:\/\/guofuhee.com.br\/","logo":{"@type":"ImageObject","inLanguage":"en-US","@id":"https:\/\/guofuhee.com.br\/#\/schema\/logo\/image\/","url":"https:\/\/guofuhee.com.br\/wp-content\/uploads\/2025\/02\/Logo_Prancheta-1.png","contentUrl":"https:\/\/guofuhee.com.br\/wp-content\/uploads\/2025\/02\/Logo_Prancheta-1.png","width":2501,"height":1408,"caption":"Guofuhee"},"image":{"@id":"https:\/\/guofuhee.com.br\/#\/schema\/logo\/image\/"}}]}},"_links":{"self":[{"href":"https:\/\/guofuhee.com.br\/en\/wp-json\/wp\/v2\/pages\/765","targetHints":{"allow":["GET"]}}],"collection":[{"href":"https:\/\/guofuhee.com.br\/en\/wp-json\/wp\/v2\/pages"}],"about":[{"href":"https:\/\/guofuhee.com.br\/en\/wp-json\/wp\/v2\/types\/page"}],"author":[{"embeddable":true,"href":"https:\/\/guofuhee.com.br\/en\/wp-json\/wp\/v2\/users\/1"}],"replies":[{"embeddable":true,"href":"https:\/\/guofuhee.com.br\/en\/wp-json\/wp\/v2\/comments?post=765"}],"version-history":[{"count":0,"href":"https:\/\/guofuhee.com.br\/en\/wp-json\/wp\/v2\/pages\/765\/revisions"}],"wp:featuredmedia":[{"embeddable":true,"href":"https:\/\/guofuhee.com.br\/en\/wp-json\/wp\/v2\/media\/1540"}],"wp:attachment":[{"href":"https:\/\/guofuhee.com.br\/en\/wp-json\/wp\/v2\/media?parent=765"}],"curies":[{"name":"wp","href":"https:\/\/api.w.org\/{rel}","templated":true}]}}