{"id":732,"date":"2025-02-04T00:09:42","date_gmt":"2025-02-04T00:09:42","guid":{"rendered":"https:\/\/guofuhee.com.br\/?page_id=732"},"modified":"2025-05-28T14:26:28","modified_gmt":"2025-05-28T14:26:28","slug":"sistema-de-liquefacao-de-hidrogenio","status":"publish","type":"page","link":"https:\/\/guofuhee.com.br\/en\/sistema-de-liquefacao-de-hidrogenio\/","title":{"rendered":"Sistema de Liquefa\u00e7\u00e3o de Hidrog\u00eanio"},"content":{"rendered":"\t\t<div data-elementor-type=\"wp-page\" data-elementor-id=\"732\" class=\"elementor elementor-732\" data-elementor-post-type=\"page\">\n\t\t\t\t<div class=\"elementor-element elementor-element-066cc74 e-flex e-con-boxed e-con e-parent\" data-id=\"066cc74\" data-element_type=\"container\" data-e-type=\"container\" data-settings=\"{&quot;background_background&quot;:&quot;classic&quot;}\">\n\t\t\t\t\t<div class=\"e-con-inner\">\n\t\t\t\t<div class=\"elementor-element elementor-element-d37a285 elementor-widget-tablet__width-initial elementor-widget elementor-widget-heading\" data-id=\"d37a285\" data-element_type=\"widget\" data-e-type=\"widget\" data-widget_type=\"heading.default\">\n\t\t\t\t<div class=\"elementor-widget-container\">\n\t\t\t\t\t<h2 class=\"elementor-heading-title elementor-size-default\">SISTEMA DE LIQUEFA\u00c7\u00c3O DE HIDROG\u00caNIO\n<\/h2>\t\t\t\t<\/div>\n\t\t\t\t<\/div>\n\t\t\t\t\t<\/div>\n\t\t\t\t<\/div>\n\t\t<div class=\"elementor-element elementor-element-6f07a4b e-con-full e-flex e-con e-parent\" data-id=\"6f07a4b\" data-element_type=\"container\" data-e-type=\"container\" data-settings=\"{&quot;background_background&quot;:&quot;classic&quot;}\">\n\t\t\t\t<div class=\"elementor-element elementor-element-874efc1 elementor-widget__width-initial elementor-widget elementor-widget-text-editor\" data-id=\"874efc1\" data-element_type=\"widget\" data-e-type=\"widget\" data-widget_type=\"text-editor.default\">\n\t\t\t\t<div class=\"elementor-widget-container\">\n\t\t\t\t\t\t\t\t\t<p>A Guofuhee oferece pacotes de processos de liquefa\u00e7\u00e3o de hidrog\u00eanio com capacidade de 5 a 30 TPD, al\u00e9m de solu\u00e7\u00f5es especializadas para armazenamento prolongado e transporte de longa dist\u00e2ncia de hidrog\u00eanio.<\/p>\t\t\t\t\t\t\t\t<\/div>\n\t\t\t\t<\/div>\n\t\t\t\t<\/div>\n\t\t<div class=\"elementor-element elementor-element-9e9659d e-flex e-con-boxed e-con e-parent\" data-id=\"9e9659d\" data-element_type=\"container\" data-e-type=\"container\" data-settings=\"{&quot;background_background&quot;:&quot;classic&quot;}\">\n\t\t\t\t\t<div class=\"e-con-inner\">\n\t\t<div class=\"elementor-element elementor-element-819d73d e-con-full e-flex e-con e-child\" data-id=\"819d73d\" data-element_type=\"container\" data-e-type=\"container\" data-settings=\"{&quot;background_background&quot;:&quot;classic&quot;}\">\n\t\t<div class=\"elementor-element elementor-element-64ee62f e-con-full e-flex e-con e-child\" data-id=\"64ee62f\" data-element_type=\"container\" data-e-type=\"container\">\n\t\t\t\t<div class=\"elementor-element elementor-element-2366c58 elementor-widget__width-initial elementor-widget elementor-widget-image\" data-id=\"2366c58\" data-element_type=\"widget\" data-e-type=\"widget\" data-widget_type=\"image.default\">\n\t\t\t\t<div class=\"elementor-widget-container\">\n\t\t\t\t\t\t\t\t\t\t\t\t\t\t\t<img fetchpriority=\"high\" decoding=\"async\" width=\"1909\" height=\"830\" src=\"https:\/\/guofuhee.com.br\/wp-content\/uploads\/2025\/02\/SistemaLiquefacao.png\" class=\"attachment-full size-full wp-image-740\" alt=\"\" srcset=\"https:\/\/guofuhee.com.br\/wp-content\/uploads\/2025\/02\/SistemaLiquefacao.png 1909w, https:\/\/guofuhee.com.br\/wp-content\/uploads\/2025\/02\/SistemaLiquefacao-300x130.png 300w, https:\/\/guofuhee.com.br\/wp-content\/uploads\/2025\/02\/SistemaLiquefacao-1024x445.png 1024w, https:\/\/guofuhee.com.br\/wp-content\/uploads\/2025\/02\/SistemaLiquefacao-768x334.png 768w, https:\/\/guofuhee.com.br\/wp-content\/uploads\/2025\/02\/SistemaLiquefacao-1536x668.png 1536w\" sizes=\"(max-width: 1909px) 100vw, 1909px\" \/>\t\t\t\t\t\t\t\t\t\t\t\t\t\t\t<\/div>\n\t\t\t\t<\/div>\n\t\t<div class=\"elementor-element elementor-element-026b508 e-con-full e-flex e-con e-child\" data-id=\"026b508\" data-element_type=\"container\" data-e-type=\"container\">\n\t\t\t\t<div class=\"elementor-element elementor-element-56c3032 elementor-widget__width-initial elementor-widget elementor-widget-text-editor\" data-id=\"56c3032\" data-element_type=\"widget\" data-e-type=\"widget\" data-widget_type=\"text-editor.default\">\n\t\t\t\t<div class=\"elementor-widget-container\">\n\t\t\t\t\t\t\t\t\t<p>O hidrog\u00eanio l\u00edquido \u00e9 um fluido incolor, inodoro e transparente, obtido por um processo de pr\u00e9-resfriamento e expans\u00e3o refrigerada, que reduz a temperatura do hidrog\u00eanio gasoso a -253\u00b0C. Sua composi\u00e7\u00e3o inclui uma mistura de para-hidrog\u00eanio (p-H\u2082) e orto-hidrog\u00eanio (o-H\u2082).<\/p><p>Uma planta t\u00edpica de liquefa\u00e7\u00e3o de hidrog\u00eanio \u00e9 composta por: sistema de pr\u00e9-tratamento, caixa fria de pr\u00e9-resfriamento (80K), caixa fria de liquefa\u00e7\u00e3o (20K), sistema de circula\u00e7\u00e3o de refrigerante, sistema de armazenamento de hidrog\u00eanio l\u00edquido e sistema de utilidades.<\/p><p>A Guofuhee fornece pacotes completos de processos de liquefa\u00e7\u00e3o com capacidade de 5 a 30 TPD, al\u00e9m de desenvolver equipamentos essenciais, como caixas frias, expansores de hidrog\u00eanio e tanques de armazenamento de hidrog\u00eanio l\u00edquido, garantindo solu\u00e7\u00f5es inovadoras e completas para seus clientes.<\/p>\t\t\t\t\t\t\t\t<\/div>\n\t\t\t\t<\/div>\n\t\t\t\t<\/div>\n\t\t\t\t<\/div>\n\t\t\t\t<div class=\"elementor-element elementor-element-f0b572c elementor-align-center elementor-widget__width-initial elementor-widget elementor-widget-button\" data-id=\"f0b572c\" data-element_type=\"widget\" data-e-type=\"widget\" data-widget_type=\"button.default\">\n\t\t\t\t<div class=\"elementor-widget-container\">\n\t\t\t\t\t\t\t\t\t<div class=\"elementor-button-wrapper\">\n\t\t\t\t\t<a class=\"elementor-button elementor-button-link elementor-size-sm\" href=\"https:\/\/guofuhee.com.br\/contato\/\">\n\t\t\t\t\t\t<span class=\"elementor-button-content-wrapper\">\n\t\t\t\t\t\t\t\t\t<span class=\"elementor-button-text\">PE\u00c7A UMA COTA\u00c7\u00c3O<\/span>\n\t\t\t\t\t<\/span>\n\t\t\t\t\t<\/a>\n\t\t\t\t<\/div>\n\t\t\t\t\t\t\t\t<\/div>\n\t\t\t\t<\/div>\n\t\t\t\t<\/div>\n\t\t\t\t\t<\/div>\n\t\t\t\t<\/div>\n\t\t<div class=\"elementor-element elementor-element-c690a70 e-flex e-con-boxed e-con e-parent\" data-id=\"c690a70\" data-element_type=\"container\" data-e-type=\"container\" data-settings=\"{&quot;background_background&quot;:&quot;classic&quot;}\">\n\t\t\t\t\t<div class=\"e-con-inner\">\n\t\t\t\t<div class=\"elementor-element elementor-element-854697e elementor-widget__width-auto elementor-widget elementor-widget-heading\" data-id=\"854697e\" data-element_type=\"widget\" data-e-type=\"widget\" data-widget_type=\"heading.default\">\n\t\t\t\t<div class=\"elementor-widget-container\">\n\t\t\t\t\t<h2 class=\"elementor-heading-title elementor-size-default\">refer\u00eancias<\/h2>\t\t\t\t<\/div>\n\t\t\t\t<\/div>\n\t\t\t\t<div class=\"elementor-element elementor-element-8807b59 elementor-pagination-type-bullets elementor-arrows-position-inside elementor-pagination-position-outside elementor-widget elementor-widget-n-carousel\" data-id=\"8807b59\" data-element_type=\"widget\" data-e-type=\"widget\" data-settings=\"{&quot;carousel_items&quot;:[{&quot;slide_title&quot;:&quot;Slide #1&quot;,&quot;_id&quot;:&quot;34315b3&quot;},{&quot;slide_title&quot;:&quot;Slide #2&quot;,&quot;_id&quot;:&quot;af939e0&quot;}],&quot;slides_to_show&quot;:&quot;1&quot;,&quot;slides_to_scroll&quot;:&quot;1&quot;,&quot;slides_to_show_tablet&quot;:&quot;1&quot;,&quot;slides_to_scroll_tablet&quot;:&quot;1&quot;,&quot;image_spacing_custom_tablet&quot;:{&quot;unit&quot;:&quot;px&quot;,&quot;size&quot;:10,&quot;sizes&quot;:[]},&quot;slides_to_scroll_mobile&quot;:&quot;1&quot;,&quot;slides_to_show_mobile&quot;:&quot;1&quot;,&quot;autoplay&quot;:&quot;yes&quot;,&quot;autoplay_speed&quot;:5000,&quot;pause_on_hover&quot;:&quot;yes&quot;,&quot;pause_on_interaction&quot;:&quot;yes&quot;,&quot;infinite&quot;:&quot;yes&quot;,&quot;speed&quot;:500,&quot;offset_sides&quot;:&quot;none&quot;,&quot;arrows&quot;:&quot;yes&quot;,&quot;pagination&quot;:&quot;bullets&quot;,&quot;image_spacing_custom&quot;:{&quot;unit&quot;:&quot;px&quot;,&quot;size&quot;:10,&quot;sizes&quot;:[]},&quot;image_spacing_custom_mobile&quot;:{&quot;unit&quot;:&quot;px&quot;,&quot;size&quot;:&quot;&quot;,&quot;sizes&quot;:[]}}\" data-widget_type=\"nested-carousel.default\">\n\t\t\t\t<div class=\"elementor-widget-container\">\n\t\t\t\t\t\t\t<div class=\"e-n-carousel swiper\" role=\"region\" aria-roledescription=\"carousel\" aria-label=\"Carrossel\" dir=\"ltr\">\n\t\t\t<div class=\"swiper-wrapper\" aria-live=\"off\">\n\t\t\t\t\t\t\t\t\t\t<div class=\"swiper-slide\" data-slide=\"1\" role=\"group\" aria-roledescription=\"slide\" aria-label=\"1 de 2\">\n\t\t\t\t\t\t\t<div class=\"elementor-element elementor-element-fa92fde e-flex e-con-boxed e-con e-child\" data-id=\"fa92fde\" data-element_type=\"container\" data-e-type=\"container\">\n\t\t\t\t\t<div class=\"e-con-inner\">\n\t\t\t\t<div class=\"elementor-element elementor-element-7bfad01 elementor-widget__width-initial elementor-widget elementor-widget-image\" data-id=\"7bfad01\" data-element_type=\"widget\" data-e-type=\"widget\" data-widget_type=\"image.default\">\n\t\t\t\t<div class=\"elementor-widget-container\">\n\t\t\t\t\t\t\t\t\t\t\t\t\t\t\t<img decoding=\"async\" width=\"644\" height=\"358\" src=\"https:\/\/guofuhee.com.br\/wp-content\/uploads\/2025\/05\/Ref03.svg\" class=\"attachment-full size-full wp-image-2121\" alt=\"\" \/>\t\t\t\t\t\t\t\t\t\t\t\t\t\t\t<\/div>\n\t\t\t\t<\/div>\n\t\t<div class=\"elementor-element elementor-element-db6cdab e-con-full e-flex e-con e-child\" data-id=\"db6cdab\" data-element_type=\"container\" data-e-type=\"container\" data-settings=\"{&quot;background_background&quot;:&quot;classic&quot;}\">\n\t\t\t\t<div class=\"elementor-element elementor-element-7cf721b elementor-widget__width-initial elementor-widget-mobile__width-auto elementor-widget elementor-widget-heading\" data-id=\"7cf721b\" data-element_type=\"widget\" data-e-type=\"widget\" data-widget_type=\"heading.default\">\n\t\t\t\t<div class=\"elementor-widget-container\">\n\t\t\t\t\t<h2 class=\"elementor-heading-title elementor-size-default\">PROJETOS DE HIDROG\u00caNIO VERDE E  L\u00cdQUIDO<\/h2>\t\t\t\t<\/div>\n\t\t\t\t<\/div>\n\t\t\t\t<div class=\"elementor-element elementor-element-576cf7e elementor-widget__width-initial elementor-widget elementor-widget-text-editor\" data-id=\"576cf7e\" data-element_type=\"widget\" data-e-type=\"widget\" data-widget_type=\"text-editor.default\">\n\t\t\t\t<div class=\"elementor-widget-container\">\n\t\t\t\t\t\t\t\t\t<p><b>Localiza\u00e7\u00e3o:<\/b> Shandong, China<br \/><b>Capacidade:<\/b> 10 Ton por dia<\/p><p>Este projeto \u00e9 destinado a um comprador na ind\u00fastria sider\u00fargica e \u00e9 o primeiro projeto comercial de hidrog\u00eanio l\u00edquido na China dedicado ao transporte de hidrog\u00eanio verde para os compradores ind\u00fastrias. <br \/>A GUOFUHEE possui d\u00e9cadas de experi\u00eancia em equipamentos de GNL e dedicou 7 anos para o desenvolvimento de nossa pr\u00f3pria solu\u00e7\u00e3o de LH2.<\/p>\t\t\t\t\t\t\t\t<\/div>\n\t\t\t\t<\/div>\n\t\t\t\t<\/div>\n\t\t\t\t\t<\/div>\n\t\t\t\t<\/div>\n\t\t\t\t\t\t\t\t<\/div>\n\t\t\t\t\t\t\t\t\t\t\t<div class=\"swiper-slide\" data-slide=\"2\" role=\"group\" aria-roledescription=\"slide\" aria-label=\"2 de 2\">\n\t\t\t\t\t\t\t<div class=\"elementor-element elementor-element-99cfd96 e-flex e-con-boxed e-con e-child\" data-id=\"99cfd96\" data-element_type=\"container\" data-e-type=\"container\">\n\t\t\t\t\t<div class=\"e-con-inner\">\n\t\t\t\t<div class=\"elementor-element elementor-element-1ea88ba elementor-widget__width-initial elementor-widget elementor-widget-image\" data-id=\"1ea88ba\" data-element_type=\"widget\" data-e-type=\"widget\" data-widget_type=\"image.default\">\n\t\t\t\t<div class=\"elementor-widget-container\">\n\t\t\t\t\t\t\t\t\t\t\t\t\t\t\t<img decoding=\"async\" src=\"https:\/\/guofuhee.com.br\/wp-content\/plugins\/elementor\/assets\/images\/placeholder.png\" title=\"\" alt=\"\" loading=\"lazy\" \/>\t\t\t\t\t\t\t\t\t\t\t\t\t\t\t<\/div>\n\t\t\t\t<\/div>\n\t\t<div class=\"elementor-element elementor-element-0db698e e-con-full e-flex e-con e-child\" data-id=\"0db698e\" data-element_type=\"container\" data-e-type=\"container\" data-settings=\"{&quot;background_background&quot;:&quot;classic&quot;}\">\n\t\t\t\t<\/div>\n\t\t\t\t\t<\/div>\n\t\t\t\t<\/div>\n\t\t\t\t\t\t\t\t<\/div>\n\t\t\t\t\t\t\t\t<\/div>\n\t\t<\/div>\n\t\t\t\t\t<div class=\"elementor-swiper-button elementor-swiper-button-prev\" role=\"button\" tabindex=\"0\" aria-label=\"Anterior\">\n\t\t\t\t<svg aria-hidden=\"true\" class=\"e-font-icon-svg e-eicon-chevron-left\" viewBox=\"0 0 1000 1000\" xmlns=\"http:\/\/www.w3.org\/2000\/svg\"><path d=\"M646 125C629 125 613 133 604 142L308 442C296 454 292 471 292 487 292 504 296 521 308 533L604 854C617 867 629 875 646 875 663 875 679 871 692 858 704 846 713 829 713 812 713 796 708 779 692 767L438 487 692 225C700 217 708 204 708 187 708 171 704 154 692 142 675 129 663 125 646 125Z\"><\/path><\/svg>\t\t\t<\/div>\n\t\t\t<div class=\"elementor-swiper-button elementor-swiper-button-next\" role=\"button\" tabindex=\"0\" aria-label=\"Pr\u00f3ximo\">\n\t\t\t\t<svg aria-hidden=\"true\" class=\"e-font-icon-svg e-eicon-chevron-right\" viewBox=\"0 0 1000 1000\" xmlns=\"http:\/\/www.w3.org\/2000\/svg\"><path d=\"M696 533C708 521 713 504 713 487 713 471 708 454 696 446L400 146C388 133 375 125 354 125 338 125 325 129 313 142 300 154 292 171 292 187 292 204 296 221 308 233L563 492 304 771C292 783 288 800 288 817 288 833 296 850 308 863 321 871 338 875 354 875 371 875 388 867 400 854L696 533Z\"><\/path><\/svg>\t\t\t<\/div>\n\t\t\t\t\t<div class=\"swiper-pagination\"><\/div>\n\t\t\t\t\t\t<\/div>\n\t\t\t\t<\/div>\n\t\t\t\t\t<\/div>\n\t\t\t\t<\/div>\n\t\t\t\t<\/div>\n\t\t","protected":false},"excerpt":{"rendered":"<p>SISTEMA DE LIQUEFA\u00c7\u00c3O DE HIDROG\u00caNIO A Guofuhee oferece pacotes de processos de liquefa\u00e7\u00e3o de hidrog\u00eanio com capacidade de 5 a 30 TPD, al\u00e9m de solu\u00e7\u00f5es especializadas para armazenamento prolongado e transporte de longa dist\u00e2ncia de hidrog\u00eanio. O hidrog\u00eanio l\u00edquido \u00e9 um fluido incolor, inodoro e transparente, obtido por um processo de pr\u00e9-resfriamento e expans\u00e3o refrigerada, [&hellip;]<\/p>\n","protected":false},"author":1,"featured_media":1544,"parent":0,"menu_order":0,"comment_status":"closed","ping_status":"closed","template":"elementor_header_footer","meta":{"footnotes":""},"class_list":["post-732","page","type-page","status-publish","has-post-thumbnail","hentry"],"yoast_head":"<!-- This site is optimized with the Yoast SEO plugin v27.4 - https:\/\/yoast.com\/product\/yoast-seo-wordpress\/ -->\n<title>Sistema de Liquefa\u00e7\u00e3o de Hidrog\u00eanio - Guofuhee<\/title>\n<meta name=\"description\" content=\"Descubra o sistema de liquefa\u00e7\u00e3o de hidrog\u00eanio da Guofuhee, que garante armazenamento e transporte eficiente com alta tecnologia e seguran\u00e7a.\" \/>\n<meta name=\"robots\" content=\"index, follow, max-snippet:-1, max-image-preview:large, max-video-preview:-1\" \/>\n<link rel=\"canonical\" href=\"https:\/\/guofuhee.com.br\/en\/sistema-de-liquefacao-de-hidrogenio\/\" \/>\n<meta property=\"og:locale\" content=\"en_US\" \/>\n<meta property=\"og:type\" content=\"article\" \/>\n<meta property=\"og:title\" content=\"Sistema de Liquefa\u00e7\u00e3o de Hidrog\u00eanio - Guofuhee\" \/>\n<meta property=\"og:description\" content=\"Descubra o sistema de liquefa\u00e7\u00e3o de hidrog\u00eanio da Guofuhee, que garante armazenamento e transporte eficiente com alta tecnologia e seguran\u00e7a.\" \/>\n<meta property=\"og:url\" content=\"https:\/\/guofuhee.com.br\/en\/sistema-de-liquefacao-de-hidrogenio\/\" \/>\n<meta property=\"og:site_name\" content=\"Guofuhee\" \/>\n<meta property=\"article:modified_time\" content=\"2025-05-28T14:26:28+00:00\" \/>\n<meta property=\"og:image\" content=\"http:\/\/guofuhee.com.br\/wp-content\/uploads\/2025\/02\/Guofuhee_ImagensSite-24-1024x855.png\" \/>\n\t<meta property=\"og:image:width\" content=\"1024\" \/>\n\t<meta property=\"og:image:height\" content=\"855\" \/>\n\t<meta property=\"og:image:type\" content=\"image\/png\" \/>\n<meta name=\"twitter:card\" content=\"summary_large_image\" \/>\n<meta name=\"twitter:label1\" content=\"Est. reading time\" \/>\n\t<meta name=\"twitter:data1\" content=\"3 minutes\" \/>\n<script type=\"application\/ld+json\" class=\"yoast-schema-graph\">{\"@context\":\"https:\\\/\\\/schema.org\",\"@graph\":[{\"@type\":\"WebPage\",\"@id\":\"https:\\\/\\\/guofuhee.com.br\\\/sistema-de-liquefacao-de-hidrogenio\\\/\",\"url\":\"https:\\\/\\\/guofuhee.com.br\\\/sistema-de-liquefacao-de-hidrogenio\\\/\",\"name\":\"Sistema de Liquefa\u00e7\u00e3o de Hidrog\u00eanio - Guofuhee\",\"isPartOf\":{\"@id\":\"https:\\\/\\\/guofuhee.com.br\\\/#website\"},\"primaryImageOfPage\":{\"@id\":\"https:\\\/\\\/guofuhee.com.br\\\/sistema-de-liquefacao-de-hidrogenio\\\/#primaryimage\"},\"image\":{\"@id\":\"https:\\\/\\\/guofuhee.com.br\\\/sistema-de-liquefacao-de-hidrogenio\\\/#primaryimage\"},\"thumbnailUrl\":\"https:\\\/\\\/guofuhee.com.br\\\/wp-content\\\/uploads\\\/2025\\\/02\\\/Guofuhee_ImagensSite-24.png\",\"datePublished\":\"2025-02-04T00:09:42+00:00\",\"dateModified\":\"2025-05-28T14:26:28+00:00\",\"description\":\"Descubra o sistema de liquefa\u00e7\u00e3o de hidrog\u00eanio da Guofuhee, que garante armazenamento e transporte eficiente com alta tecnologia e seguran\u00e7a.\",\"breadcrumb\":{\"@id\":\"https:\\\/\\\/guofuhee.com.br\\\/sistema-de-liquefacao-de-hidrogenio\\\/#breadcrumb\"},\"inLanguage\":\"en-US\",\"potentialAction\":[{\"@type\":\"ReadAction\",\"target\":[\"https:\\\/\\\/guofuhee.com.br\\\/sistema-de-liquefacao-de-hidrogenio\\\/\"]}]},{\"@type\":\"ImageObject\",\"inLanguage\":\"en-US\",\"@id\":\"https:\\\/\\\/guofuhee.com.br\\\/sistema-de-liquefacao-de-hidrogenio\\\/#primaryimage\",\"url\":\"https:\\\/\\\/guofuhee.com.br\\\/wp-content\\\/uploads\\\/2025\\\/02\\\/Guofuhee_ImagensSite-24.png\",\"contentUrl\":\"https:\\\/\\\/guofuhee.com.br\\\/wp-content\\\/uploads\\\/2025\\\/02\\\/Guofuhee_ImagensSite-24.png\",\"width\":3197,\"height\":2668},{\"@type\":\"BreadcrumbList\",\"@id\":\"https:\\\/\\\/guofuhee.com.br\\\/sistema-de-liquefacao-de-hidrogenio\\\/#breadcrumb\",\"itemListElement\":[{\"@type\":\"ListItem\",\"position\":1,\"name\":\"In\u00edcio\",\"item\":\"https:\\\/\\\/guofuhee.com.br\\\/\"},{\"@type\":\"ListItem\",\"position\":2,\"name\":\"Sistema de Liquefa\u00e7\u00e3o de Hidrog\u00eanio\"}]},{\"@type\":\"WebSite\",\"@id\":\"https:\\\/\\\/guofuhee.com.br\\\/#website\",\"url\":\"https:\\\/\\\/guofuhee.com.br\\\/\",\"name\":\"Guofuhee\",\"description\":\"Geradores de Hidrog\u00eanio\",\"publisher\":{\"@id\":\"https:\\\/\\\/guofuhee.com.br\\\/#organization\"},\"potentialAction\":[{\"@type\":\"SearchAction\",\"target\":{\"@type\":\"EntryPoint\",\"urlTemplate\":\"https:\\\/\\\/guofuhee.com.br\\\/?s={search_term_string}\"},\"query-input\":{\"@type\":\"PropertyValueSpecification\",\"valueRequired\":true,\"valueName\":\"search_term_string\"}}],\"inLanguage\":\"en-US\"},{\"@type\":\"Organization\",\"@id\":\"https:\\\/\\\/guofuhee.com.br\\\/#organization\",\"name\":\"Guofuhee\",\"url\":\"https:\\\/\\\/guofuhee.com.br\\\/\",\"logo\":{\"@type\":\"ImageObject\",\"inLanguage\":\"en-US\",\"@id\":\"https:\\\/\\\/guofuhee.com.br\\\/#\\\/schema\\\/logo\\\/image\\\/\",\"url\":\"https:\\\/\\\/guofuhee.com.br\\\/wp-content\\\/uploads\\\/2025\\\/02\\\/Logo_Prancheta-1.png\",\"contentUrl\":\"https:\\\/\\\/guofuhee.com.br\\\/wp-content\\\/uploads\\\/2025\\\/02\\\/Logo_Prancheta-1.png\",\"width\":2501,\"height\":1408,\"caption\":\"Guofuhee\"},\"image\":{\"@id\":\"https:\\\/\\\/guofuhee.com.br\\\/#\\\/schema\\\/logo\\\/image\\\/\"}}]}<\/script>\n<!-- \/ Yoast SEO plugin. -->","yoast_head_json":{"title":"Sistema de Liquefa\u00e7\u00e3o de Hidrog\u00eanio - Guofuhee","description":"Descubra o sistema de liquefa\u00e7\u00e3o de hidrog\u00eanio da Guofuhee, que garante armazenamento e transporte eficiente com alta tecnologia e seguran\u00e7a.","robots":{"index":"index","follow":"follow","max-snippet":"max-snippet:-1","max-image-preview":"max-image-preview:large","max-video-preview":"max-video-preview:-1"},"canonical":"https:\/\/guofuhee.com.br\/en\/sistema-de-liquefacao-de-hidrogenio\/","og_locale":"en_US","og_type":"article","og_title":"Sistema de Liquefa\u00e7\u00e3o de Hidrog\u00eanio - Guofuhee","og_description":"Descubra o sistema de liquefa\u00e7\u00e3o de hidrog\u00eanio da Guofuhee, que garante armazenamento e transporte eficiente com alta tecnologia e seguran\u00e7a.","og_url":"https:\/\/guofuhee.com.br\/en\/sistema-de-liquefacao-de-hidrogenio\/","og_site_name":"Guofuhee","article_modified_time":"2025-05-28T14:26:28+00:00","og_image":[{"width":1024,"height":855,"url":"http:\/\/guofuhee.com.br\/wp-content\/uploads\/2025\/02\/Guofuhee_ImagensSite-24-1024x855.png","type":"image\/png"}],"twitter_card":"summary_large_image","twitter_misc":{"Est. reading time":"3 minutes"},"schema":{"@context":"https:\/\/schema.org","@graph":[{"@type":"WebPage","@id":"https:\/\/guofuhee.com.br\/sistema-de-liquefacao-de-hidrogenio\/","url":"https:\/\/guofuhee.com.br\/sistema-de-liquefacao-de-hidrogenio\/","name":"Sistema de Liquefa\u00e7\u00e3o de Hidrog\u00eanio - Guofuhee","isPartOf":{"@id":"https:\/\/guofuhee.com.br\/#website"},"primaryImageOfPage":{"@id":"https:\/\/guofuhee.com.br\/sistema-de-liquefacao-de-hidrogenio\/#primaryimage"},"image":{"@id":"https:\/\/guofuhee.com.br\/sistema-de-liquefacao-de-hidrogenio\/#primaryimage"},"thumbnailUrl":"https:\/\/guofuhee.com.br\/wp-content\/uploads\/2025\/02\/Guofuhee_ImagensSite-24.png","datePublished":"2025-02-04T00:09:42+00:00","dateModified":"2025-05-28T14:26:28+00:00","description":"Descubra o sistema de liquefa\u00e7\u00e3o de hidrog\u00eanio da Guofuhee, que garante armazenamento e transporte eficiente com alta tecnologia e seguran\u00e7a.","breadcrumb":{"@id":"https:\/\/guofuhee.com.br\/sistema-de-liquefacao-de-hidrogenio\/#breadcrumb"},"inLanguage":"en-US","potentialAction":[{"@type":"ReadAction","target":["https:\/\/guofuhee.com.br\/sistema-de-liquefacao-de-hidrogenio\/"]}]},{"@type":"ImageObject","inLanguage":"en-US","@id":"https:\/\/guofuhee.com.br\/sistema-de-liquefacao-de-hidrogenio\/#primaryimage","url":"https:\/\/guofuhee.com.br\/wp-content\/uploads\/2025\/02\/Guofuhee_ImagensSite-24.png","contentUrl":"https:\/\/guofuhee.com.br\/wp-content\/uploads\/2025\/02\/Guofuhee_ImagensSite-24.png","width":3197,"height":2668},{"@type":"BreadcrumbList","@id":"https:\/\/guofuhee.com.br\/sistema-de-liquefacao-de-hidrogenio\/#breadcrumb","itemListElement":[{"@type":"ListItem","position":1,"name":"In\u00edcio","item":"https:\/\/guofuhee.com.br\/"},{"@type":"ListItem","position":2,"name":"Sistema de Liquefa\u00e7\u00e3o de Hidrog\u00eanio"}]},{"@type":"WebSite","@id":"https:\/\/guofuhee.com.br\/#website","url":"https:\/\/guofuhee.com.br\/","name":"Guofuhee","description":"Geradores de Hidrog\u00eanio","publisher":{"@id":"https:\/\/guofuhee.com.br\/#organization"},"potentialAction":[{"@type":"SearchAction","target":{"@type":"EntryPoint","urlTemplate":"https:\/\/guofuhee.com.br\/?s={search_term_string}"},"query-input":{"@type":"PropertyValueSpecification","valueRequired":true,"valueName":"search_term_string"}}],"inLanguage":"en-US"},{"@type":"Organization","@id":"https:\/\/guofuhee.com.br\/#organization","name":"Guofuhee","url":"https:\/\/guofuhee.com.br\/","logo":{"@type":"ImageObject","inLanguage":"en-US","@id":"https:\/\/guofuhee.com.br\/#\/schema\/logo\/image\/","url":"https:\/\/guofuhee.com.br\/wp-content\/uploads\/2025\/02\/Logo_Prancheta-1.png","contentUrl":"https:\/\/guofuhee.com.br\/wp-content\/uploads\/2025\/02\/Logo_Prancheta-1.png","width":2501,"height":1408,"caption":"Guofuhee"},"image":{"@id":"https:\/\/guofuhee.com.br\/#\/schema\/logo\/image\/"}}]}},"_links":{"self":[{"href":"https:\/\/guofuhee.com.br\/en\/wp-json\/wp\/v2\/pages\/732","targetHints":{"allow":["GET"]}}],"collection":[{"href":"https:\/\/guofuhee.com.br\/en\/wp-json\/wp\/v2\/pages"}],"about":[{"href":"https:\/\/guofuhee.com.br\/en\/wp-json\/wp\/v2\/types\/page"}],"author":[{"embeddable":true,"href":"https:\/\/guofuhee.com.br\/en\/wp-json\/wp\/v2\/users\/1"}],"replies":[{"embeddable":true,"href":"https:\/\/guofuhee.com.br\/en\/wp-json\/wp\/v2\/comments?post=732"}],"version-history":[{"count":0,"href":"https:\/\/guofuhee.com.br\/en\/wp-json\/wp\/v2\/pages\/732\/revisions"}],"wp:featuredmedia":[{"embeddable":true,"href":"https:\/\/guofuhee.com.br\/en\/wp-json\/wp\/v2\/media\/1544"}],"wp:attachment":[{"href":"https:\/\/guofuhee.com.br\/en\/wp-json\/wp\/v2\/media?parent=732"}],"curies":[{"name":"wp","href":"https:\/\/api.w.org\/{rel}","templated":true}]}}